{"id":184,"date":"2025-06-06T18:26:54","date_gmt":"2025-06-06T16:26:54","guid":{"rendered":"https:\/\/siramuse.it\/fr\/?page_id=184"},"modified":"2025-08-05T13:49:36","modified_gmt":"2025-08-05T11:49:36","slug":"billets","status":"publish","type":"page","link":"https:\/\/siramuse.it\/fr\/billets\/","title":{"rendered":"Billets"},"content":{"rendered":"<p>[et_pb_section fb_built=\u00a0\u00bb1&Prime; _builder_version=\u00a0\u00bb4.27.4&Prime; _module_preset=\u00a0\u00bbdefault\u00a0\u00bb background_color=\u00a0\u00bbgcid-ffcb5cd3-66ba-4fa1-98f2-b3c8f992ee0f\u00a0\u00bb background_enable_image=\u00a0\u00bboff\u00a0\u00bb background_size=\u00a0\u00bbcustom\u00a0\u00bb background_image_width=\u00a0\u00bb300px\u00a0\u00bb background_position=\u00a0\u00bbtop_left\u00a0\u00bb scroll_blur=\u00a0\u00bb0|30|60|100|100px|0px|0px\u00a0\u00bb global_colors_info=\u00a0\u00bb{%22gcid-ffcb5cd3-66ba-4fa1-98f2-b3c8f992ee0f%22:%91%22background_color%22%93}\u00a0\u00bb][et_pb_row column_structure=\u00a0\u00bb1_3,2_3&Prime; use_custom_gutter=\u00a0\u00bbon\u00a0\u00bb gutter_width=\u00a0\u00bb1&Prime; make_equal=\u00a0\u00bbon\u00a0\u00bb _builder_version=\u00a0\u00bb4.27.4&Prime; _module_preset=\u00a0\u00bbdefault\u00a0\u00bb width=\u00a0\u00bb100%\u00a0\u00bb max_width=\u00a0\u00bbnone\u00a0\u00bb custom_padding=\u00a0\u00bb0px||0px||true|false\u00a0\u00bb global_colors_info=\u00a0\u00bb{}\u00a0\u00bb][et_pb_column type=\u00a0\u00bb1_3&Prime; _builder_version=\u00a0\u00bb4.27.4&Prime; _module_preset=\u00a0\u00bbdefault\u00a0\u00bb background_color=\u00a0\u00bbgcid-8c5e995b-d064-4946-9128-c87d5681bfcc\u00a0\u00bb custom_css_main_element=\u00a0\u00bbmargin:auto\u00a0\u00bb global_colors_info=\u00a0\u00bb{%22gcid-8c5e995b-d064-4946-9128-c87d5681bfcc%22:%91%22background_color%22%93}\u00a0\u00bb][et_pb_blurb use_icon=\u00a0\u00bbon\u00a0\u00bb font_icon=\u00a0\u00bb&#xf46c;||fa||900&Prime; icon_color=\u00a0\u00bbgcid-ffcb5cd3-66ba-4fa1-98f2-b3c8f992ee0f\u00a0\u00bb image_icon_width=\u00a0\u00bb250px\u00a0\u00bb _builder_version=\u00a0\u00bb4.27.4&Prime; _module_preset=\u00a0\u00bbdefault\u00a0\u00bb header_text_align=\u00a0\u00bbcenter\u00a0\u00bb body_link_font=\u00a0\u00bb|700|||on||||\u00a0\u00bb body_link_text_color=\u00a0\u00bb#000000&Prime; custom_margin=\u00a0\u00bb100px||100px||true|false\u00a0\u00bb custom_margin_tablet=\u00a0\u00bb100px||100px||true|false\u00a0\u00bb custom_margin_phone=\u00a0\u00bb50px||50px||true|false\u00a0\u00bb custom_margin_last_edited=\u00a0\u00bbon|phone\u00a0\u00bb custom_padding=\u00a0\u00bb40px|15%|40px|15%|true|true\u00a0\u00bb hover_enabled=\u00a0\u00bb0&Prime; global_colors_info=\u00a0\u00bb{%22gcid-ffcb5cd3-66ba-4fa1-98f2-b3c8f992ee0f%22:%91%22icon_color%22%93}\u00a0\u00bb sticky_enabled=\u00a0\u00bb0&Prime;]<\/p>\n<p><strong>R\u00e9servation conseill\u00e9e la veille.<\/strong><\/p>\n<p><strong>40 personnes max par groupe\/cr\u00e9neau horaire<\/strong><\/p>\n<p><strong>DUR\u00c9E<\/strong> : 60 minutes<br \/>Visite autonome avec audioguides (inclus en IT\/EN\/FR\/ES)<\/p>\n<p><strong>Sacs volumineux ou gros dos. sont interdits<\/strong><\/p>\n<p>[\/et_pb_blurb][\/et_pb_column][et_pb_column type=\u00a0\u00bb2_3&Prime; _builder_version=\u00a0\u00bb4.27.4&Prime; _module_preset=\u00a0\u00bbdefault\u00a0\u00bb custom_css_main_element=\u00a0\u00bbmargin:auto\u00a0\u00bb global_colors_info=\u00a0\u00bb{}\u00a0\u00bb][et_pb_text module_class=\u00a0\u00bbtabind\u00a0\u00bb _builder_version=\u00a0\u00bb4.27.4&Prime; _module_preset=\u00a0\u00bbdefault\u00a0\u00bb link_text_color=\u00a0\u00bb#FFFFFF\u00a0\u00bb header_font_size=\u00a0\u00bb5rem\u00a0\u00bb header_2_font=\u00a0\u00bb|600|||||||\u00a0\u00bb header_2_font_size=\u00a0\u00bb1.8rem\u00a0\u00bb header_3_font_size=\u00a0\u00bb1.8rem\u00a0\u00bb background_layout=\u00a0\u00bbdark\u00a0\u00bb max_width=\u00a0\u00bb80%\u00a0\u00bb max_width_tablet=\u00a0\u00bb700px\u00a0\u00bb max_width_phone=\u00a0\u00bb700px\u00a0\u00bb max_width_last_edited=\u00a0\u00bboff|desktop\u00a0\u00bb module_alignment=\u00a0\u00bbcenter\u00a0\u00bb custom_padding_tablet=\u00a0\u00bb40px|5%|40px|5%|true|true\u00a0\u00bb custom_padding_phone=\u00a0\u00bb||0px||false|false\u00a0\u00bb custom_padding_last_edited=\u00a0\u00bbon|desktop\u00a0\u00bb sticky_limit_bottom=\u00a0\u00bbrow\u00a0\u00bb scroll_vertical_motion=\u00a0\u00bb0|40|40|100|-25.5|0|0&Prime; scroll_horizontal_motion=\u00a0\u00bb0|50|50|100|20|0|0&Prime; scroll_fade=\u00a0\u00bb0|42|42|100|0|100|100&Prime; hover_enabled=\u00a0\u00bb0&Prime; header_font_size_tablet=\u00a0\u00bb5rem\u00a0\u00bb header_font_size_phone=\u00a0\u00bb3em\u00a0\u00bb header_font_size_last_edited=\u00a0\u00bbon|desktop\u00a0\u00bb header_2_font_size_tablet=\u00a0\u00bb2.5rem\u00a0\u00bb header_2_font_size_phone=\u00a0\u00bb1.6em\u00a0\u00bb header_2_font_size_last_edited=\u00a0\u00bbon|desktop\u00a0\u00bb header_3_font_size_tablet=\u00a0\u00bb2.5rem\u00a0\u00bb header_3_font_size_phone=\u00a0\u00bb1.6rem\u00a0\u00bb header_3_font_size_last_edited=\u00a0\u00bbon|desktop\u00a0\u00bb sticky_position_tablet=\u00a0\u00bbnone\u00a0\u00bb sticky_position_phone=\u00a0\u00bbnone\u00a0\u00bb sticky_position_last_edited=\u00a0\u00bbon|desktop\u00a0\u00bb scroll_horizontal_motion_tablet=\u00a0\u00bb0|50|50|100|0|0|0&Prime; scroll_horizontal_motion_phone=\u00a0\u00bb0|50|50|100|0|0|0&Prime; scroll_horizontal_motion_last_edited=\u00a0\u00bbon|desktop\u00a0\u00bb custom_css_free_form=\u00a0\u00bbselector ul li{border-bottom: 1px solid #c6c6c6;padding: 10px 0;}\u00a0\u00bb global_colors_info=\u00a0\u00bb{}\u00a0\u00bb header_3_font_size__sticky_enabled=\u00a0\u00bboff|desktop\u00a0\u00bb sticky_enabled=\u00a0\u00bb0&Prime;]<\/p>\n<h1>Billets<\/h1>\n<p>[\/et_pb_text][et_pb_text ul_type=\u00a0\u00bbnone\u00a0\u00bb ul_position=\u00a0\u00bbinside\u00a0\u00bb module_class=\u00a0\u00bbtabind\u00a0\u00bb _builder_version=\u00a0\u00bb4.27.4&Prime; _module_preset=\u00a0\u00bbdefault\u00a0\u00bb link_text_color=\u00a0\u00bb#FFFFFF\u00a0\u00bb header_2_font=\u00a0\u00bb|800|||||||\u00a0\u00bb header_2_font_size=\u00a0\u00bb5rem\u00a0\u00bb header_3_font_size=\u00a0\u00bb1.8rem\u00a0\u00bb background_layout=\u00a0\u00bbdark\u00a0\u00bb max_width=\u00a0\u00bb80%\u00a0\u00bb max_width_tablet=\u00a0\u00bb700px\u00a0\u00bb max_width_phone=\u00a0\u00bb700px\u00a0\u00bb max_width_last_edited=\u00a0\u00bboff|desktop\u00a0\u00bb module_alignment=\u00a0\u00bbcenter\u00a0\u00bb custom_padding_tablet=\u00a0\u00bb40px|5%|40px|5%|true|true\u00a0\u00bb custom_padding_phone=\u00a0\u00bb|||||false\u00a0\u00bb custom_padding_last_edited=\u00a0\u00bbon|desktop\u00a0\u00bb sticky_limit_bottom=\u00a0\u00bbrow\u00a0\u00bb scroll_vertical_motion=\u00a0\u00bb0|40|40|100|-25.5|0|0&Prime; scroll_horizontal_motion=\u00a0\u00bb0|50|50|100|20|0|0&Prime; scroll_fade=\u00a0\u00bb0|42|42|100|0|100|100&Prime; hover_enabled=\u00a0\u00bb0&Prime; header_2_font_size_tablet=\u00a0\u00bb5rem\u00a0\u00bb header_2_font_size_phone=\u00a0\u00bb3em\u00a0\u00bb header_2_font_size_last_edited=\u00a0\u00bbon|desktop\u00a0\u00bb header_3_font_size_tablet=\u00a0\u00bb2.5rem\u00a0\u00bb header_3_font_size_phone=\u00a0\u00bb1.6rem\u00a0\u00bb header_3_font_size_last_edited=\u00a0\u00bbon|phone\u00a0\u00bb sticky_position_tablet=\u00a0\u00bbnone\u00a0\u00bb sticky_position_phone=\u00a0\u00bbnone\u00a0\u00bb sticky_position_last_edited=\u00a0\u00bbon|desktop\u00a0\u00bb scroll_horizontal_motion_tablet=\u00a0\u00bb0|50|50|100|0|0|0&Prime; scroll_horizontal_motion_phone=\u00a0\u00bb0|50|50|100|0|0|0&Prime; scroll_horizontal_motion_last_edited=\u00a0\u00bbon|desktop\u00a0\u00bb custom_css_free_form=\u00a0\u00bbselector ul{padding:0;}||selector ul li{border-bottom: 1px solid #c6c6c6;padding: 10px 0;}||selector ul li em{text-align: right;float: right;font-weight: bold;font-style: normal;}\u00a0\u00bb global_colors_info=\u00a0\u00bb{}\u00a0\u00bb header_3_font_size__sticky_enabled=\u00a0\u00bboff|desktop\u00a0\u00bb sticky_enabled=\u00a0\u00bb0&Prime;]<\/p>\n<ul>\n<li><strong>Plein tarif<\/strong> <em>\u20ac\u202f12,00<\/em><\/li>\n<li><strong>Tarif r\u00e9duit<\/strong> <em>\u20ac\u202f8,00<\/em><br \/>(jeunes 6\u201325 ans &amp; r\u00e9sidents)<\/li>\n<li><strong>Tarif scolaire<\/strong>\u202f <em>\u20ac\u202f6,00<\/em><br \/>(\u00e9coles tous niveaux)<\/li>\n<li><strong>Suppl\u00e9ment<\/strong> <em>\u20ac\u202f2,00<\/em><br \/>pour la visite de l\u2019Artemision<\/li>\n<li><strong>Billet famille<\/strong> <em>\u20ac\u202f25,00<\/em><br \/>(1 enfant)<\/li>\n<li><strong>Billet famille<\/strong> <em>\u20ac\u202f30,00<\/em><br \/>(2 enfants)<\/li>\n<li><strong>Gratuit<br \/><\/strong>pour enfants 0\u20136 ans, membres ICOM, presse, personnes handicap\u00e9es certifi\u00e9es + accompagnateur, guides touristiques agr\u00e9\u00e9s<\/li>\n<li><strong>Pr\u00e9vente<\/strong> \u20ac\u202f1,50 par billet<\/li>\n<\/ul>\n<p><span style=\"color: #666666; font-size: 14px;\"><a class=\"et_pb_button pulsoro btnacquisto\" href=\"https:\/\/siramuse.madeticket.it\/it\/shop\/biglietti\" target=\"_blank\" title=\"ACHETEZ VOS BILLETS\" id=\"buy-ticket\" aria-label=\"ACHETEZ VOS BILLETS\" aria-hidden=\"false\">ACHETEZ VOS BILLETS<\/a><\/span><\/p>\n<p>[\/et_pb_text][\/et_pb_column][\/et_pb_row][\/et_pb_section]<\/p>\n","protected":false},"excerpt":{"rendered":"<p>R\u00e9servation conseill\u00e9e la veille. 40 personnes max par groupe\/cr\u00e9neau horaire DUR\u00c9E : 60 minutesVisite autonome avec audioguides (inclus en IT\/EN\/FR\/ES) Sacs volumineux ou gros dos. sont interditsBillets Plein tarif \u20ac\u202f12,00 Tarif r\u00e9duit \u20ac\u202f8,00(jeunes 6\u201325 ans &amp; r\u00e9sidents) Tarif scolaire\u202f \u20ac\u202f6,00(\u00e9coles tous niveaux) Suppl\u00e9ment \u20ac\u202f2,00pour la visite de l\u2019Artemision Billet famille \u20ac\u202f25,00(1 enfant) Billet famille \u20ac\u202f30,00(2 [&hellip;]<\/p>\n","protected":false},"author":1,"featured_media":0,"parent":0,"menu_order":0,"comment_status":"closed","ping_status":"closed","template":"","meta":{"_et_pb_use_builder":"on","_et_pb_old_content":"","_et_gb_content_width":"","footnotes":""},"class_list":["post-184","page","type-page","status-publish","hentry"],"_links":{"self":[{"href":"https:\/\/siramuse.it\/fr\/wp-json\/wp\/v2\/pages\/184","targetHints":{"allow":["GET"]}}],"collection":[{"href":"https:\/\/siramuse.it\/fr\/wp-json\/wp\/v2\/pages"}],"about":[{"href":"https:\/\/siramuse.it\/fr\/wp-json\/wp\/v2\/types\/page"}],"author":[{"embeddable":true,"href":"https:\/\/siramuse.it\/fr\/wp-json\/wp\/v2\/users\/1"}],"replies":[{"embeddable":true,"href":"https:\/\/siramuse.it\/fr\/wp-json\/wp\/v2\/comments?post=184"}],"version-history":[{"count":20,"href":"https:\/\/siramuse.it\/fr\/wp-json\/wp\/v2\/pages\/184\/revisions"}],"predecessor-version":[{"id":1021,"href":"https:\/\/siramuse.it\/fr\/wp-json\/wp\/v2\/pages\/184\/revisions\/1021"}],"wp:attachment":[{"href":"https:\/\/siramuse.it\/fr\/wp-json\/wp\/v2\/media?parent=184"}],"curies":[{"name":"wp","href":"https:\/\/api.w.org\/{rel}","templated":true}]}}