{"id":172,"date":"2025-06-06T18:24:41","date_gmt":"2025-06-06T16:24:41","guid":{"rendered":"https:\/\/siramuse.it\/fr\/?page_id=172"},"modified":"2025-08-05T13:39:38","modified_gmt":"2025-08-05T11:39:38","slug":"infos-horaires","status":"publish","type":"page","link":"https:\/\/siramuse.it\/fr\/infos-horaires\/","title":{"rendered":"Infos &#038; Horaires"},"content":{"rendered":"<p>[et_pb_section fb_built=\u00a0\u00bb1&Prime; _builder_version=\u00a0\u00bb4.27.4&Prime; _module_preset=\u00a0\u00bbdefault\u00a0\u00bb background_color=\u00a0\u00bbgcid-c5a2a107-76a5-48f4-b033-be33768ab12c\u00a0\u00bb background_enable_image=\u00a0\u00bboff\u00a0\u00bb background_size=\u00a0\u00bbcustom\u00a0\u00bb background_image_width=\u00a0\u00bb300px\u00a0\u00bb background_position=\u00a0\u00bbtop_left\u00a0\u00bb scroll_blur=\u00a0\u00bb0|30|60|100|100px|0px|0px\u00a0\u00bb global_colors_info=\u00a0\u00bb{%22gcid-c5a2a107-76a5-48f4-b033-be33768ab12c%22:%91%22background_color%22%93}\u00a0\u00bb][et_pb_row column_structure=\u00a0\u00bb1_3,2_3&Prime; use_custom_gutter=\u00a0\u00bbon\u00a0\u00bb gutter_width=\u00a0\u00bb1&Prime; make_equal=\u00a0\u00bbon\u00a0\u00bb _builder_version=\u00a0\u00bb4.27.4&Prime; _module_preset=\u00a0\u00bbdefault\u00a0\u00bb width=\u00a0\u00bb100%\u00a0\u00bb max_width=\u00a0\u00bbnone\u00a0\u00bb custom_padding=\u00a0\u00bb0px||0px||true|false\u00a0\u00bb global_colors_info=\u00a0\u00bb{}\u00a0\u00bb][et_pb_column type=\u00a0\u00bb1_3&Prime; _builder_version=\u00a0\u00bb4.27.4&Prime; _module_preset=\u00a0\u00bbdefault\u00a0\u00bb background_color=\u00a0\u00bbgcid-8c5e995b-d064-4946-9128-c87d5681bfcc\u00a0\u00bb custom_css_main_element=\u00a0\u00bbmargin:auto\u00a0\u00bb global_colors_info=\u00a0\u00bb{%22gcid-8c5e995b-d064-4946-9128-c87d5681bfcc%22:%91%22background_color%22%93}\u00a0\u00bb][et_pb_blurb title=\u00a0\u00bbMuseo Siramuse\u00a0\u00bb use_icon=\u00a0\u00bbon\u00a0\u00bb font_icon=\u00a0\u00bb&#xf017;||fa||400&Prime; icon_color=\u00a0\u00bbgcid-c5a2a107-76a5-48f4-b033-be33768ab12c\u00a0\u00bb image_icon_width=\u00a0\u00bb250px\u00a0\u00bb disabled_on=\u00a0\u00bboff|off|off\u00a0\u00bb _builder_version=\u00a0\u00bb4.27.4&Prime; _module_preset=\u00a0\u00bbdefault\u00a0\u00bb body_link_font=\u00a0\u00bb|700|||on||||\u00a0\u00bb body_link_text_color=\u00a0\u00bb#000000&Prime; text_orientation=\u00a0\u00bbcenter\u00a0\u00bb custom_margin=\u00a0\u00bb100px||100px||true|false\u00a0\u00bb custom_padding=\u00a0\u00bb40px|40px|40px|40px|true|true\u00a0\u00bb global_colors_info=\u00a0\u00bb{%22gcid-c5a2a107-76a5-48f4-b033-be33768ab12c%22:%91%22icon_color%22%93}\u00a0\u00bb]<\/p>\n<p><a title=\"Museo Siramuse - Via Santa Lucia alla Badia, Siracusa\" href=\"https:\/\/maps.app.goo.gl\/kWyEyVSMA7iftyVv9\" target=\"_blank\" rel=\"noopener\">Via Santa Lucia alla Badia, 4<\/a><\/p>\n<p>Tel: <a href=\"tel:00390918488813\">(+39) 0918488813<\/a><\/p>\n<p>E-mail: <a href=\"mailto:siramuse@civita.art\">siramuse@civita.art<\/a><\/p>\n<p>[\/et_pb_blurb][\/et_pb_column][et_pb_column type=\u00a0\u00bb2_3&Prime; _builder_version=\u00a0\u00bb4.27.4&Prime; _module_preset=\u00a0\u00bbdefault\u00a0\u00bb custom_css_main_element=\u00a0\u00bbmargin:auto\u00a0\u00bb global_colors_info=\u00a0\u00bb{}\u00a0\u00bb][et_pb_text module_class=\u00a0\u00bbtabind\u00a0\u00bb _builder_version=\u00a0\u00bb4.27.4&Prime; _module_preset=\u00a0\u00bbdefault\u00a0\u00bb link_text_color=\u00a0\u00bb#FFFFFF\u00a0\u00bb header_font_size=\u00a0\u00bb5rem\u00a0\u00bb header_2_font=\u00a0\u00bb|600|||||||\u00a0\u00bb header_2_font_size=\u00a0\u00bb2rem\u00a0\u00bb header_3_font_size=\u00a0\u00bb2rem\u00a0\u00bb background_layout=\u00a0\u00bbdark\u00a0\u00bb max_width=\u00a0\u00bb80%\u00a0\u00bb max_width_tablet=\u00a0\u00bb700px\u00a0\u00bb max_width_phone=\u00a0\u00bb700px\u00a0\u00bb max_width_last_edited=\u00a0\u00bboff|desktop\u00a0\u00bb module_alignment=\u00a0\u00bbcenter\u00a0\u00bb custom_padding_tablet=\u00a0\u00bb40px|5%|40px|5%|true|true\u00a0\u00bb custom_padding_phone=\u00a0\u00bb|||||false\u00a0\u00bb custom_padding_last_edited=\u00a0\u00bbon|desktop\u00a0\u00bb sticky_limit_bottom=\u00a0\u00bbrow\u00a0\u00bb scroll_vertical_motion=\u00a0\u00bb0|40|40|100|-25.5|0|0&Prime; scroll_horizontal_motion=\u00a0\u00bb0|50|50|100|20|0|0&Prime; scroll_fade=\u00a0\u00bb0|42|42|100|0|100|100&Prime; hover_enabled=\u00a0\u00bb0&Prime; header_font_size_tablet=\u00a0\u00bb5rem\u00a0\u00bb header_font_size_phone=\u00a0\u00bb2.8em\u00a0\u00bb header_font_size_last_edited=\u00a0\u00bbon|desktop\u00a0\u00bb header_2_font_size_tablet=\u00a0\u00bb2.5rem\u00a0\u00bb header_2_font_size_phone=\u00a0\u00bb1.6rem\u00a0\u00bb header_2_font_size_last_edited=\u00a0\u00bbon|phone\u00a0\u00bb header_3_font_size_tablet=\u00a0\u00bb2.5rem\u00a0\u00bb header_3_font_size_phone=\u00a0\u00bb1.6rem\u00a0\u00bb header_3_font_size_last_edited=\u00a0\u00bbon|phone\u00a0\u00bb sticky_position_tablet=\u00a0\u00bbnone\u00a0\u00bb sticky_position_phone=\u00a0\u00bbnone\u00a0\u00bb sticky_position_last_edited=\u00a0\u00bbon|desktop\u00a0\u00bb scroll_horizontal_motion_tablet=\u00a0\u00bb0|50|50|100|0|0|0&Prime; scroll_horizontal_motion_phone=\u00a0\u00bb0|50|50|100|0|0|0&Prime; scroll_horizontal_motion_last_edited=\u00a0\u00bbon|desktop\u00a0\u00bb global_colors_info=\u00a0\u00bb{}\u00a0\u00bb header_3_font_size__sticky_enabled=\u00a0\u00bboff|desktop\u00a0\u00bb sticky_enabled=\u00a0\u00bb0&Prime;]<\/p>\n<h1><strong>Infos &amp; Horaires<\/strong><\/h1>\n<h2><strong>HORAIRES D\u2019OUVERTURE :<\/strong><\/h2>\n<p><strong>Du 1er mai au 30 septembre<\/strong> : 11h00 \u2013 19h00 (billetterie ferm\u00e9e \u00e0 18h00), tous les jours<br \/><strong>Du 1er octobre au 30 avril<\/strong> : 10h00 \u2013 17h00 (billetterie ferm\u00e9e \u00e0 16h00), ferm\u00e9 le mardi<br \/><strong>Du 7 janvier au 28 f\u00e9vrier<\/strong> : ouverture sur r\u00e9servation pour \u00e9coles et groupes ; 10h00 \u2013 17h00 (billetterie ferm\u00e9e \u00e0 16h00);\u00a0 ouvert samedi et dimanche<\/p>\n<p><strong>FERMETURES :<\/strong> 1er janvier, 13 d\u00e9cembre, 25 d\u00e9cembre<\/p>\n<a class=\"et_pb_button pulsoro btnacquisto\" href=\"https:\/\/siramuse.it\/fr\/billets\/\" title=\"ACHETEZ VOS BILLETS\" id=\"pulsbigl\" aria-label=\"ACHETEZ VOS BILLETS\" aria-hidden=\"false\">ACHETEZ VOS BILLETS<\/a>\n<p>[\/et_pb_text][\/et_pb_column][\/et_pb_row][\/et_pb_section]<\/p>\n","protected":false},"excerpt":{"rendered":"<p>Via Santa Lucia alla Badia, 4 Tel: (+39) 0918488813 E-mail: siramuse@civita.artInfos &amp; Horaires HORAIRES D\u2019OUVERTURE : Du 1er mai au 30 septembre : 11h00 \u2013 19h00 (billetterie ferm\u00e9e \u00e0 18h00), tous les joursDu 1er octobre au 30 avril : 10h00 \u2013 17h00 (billetterie ferm\u00e9e \u00e0 16h00), ferm\u00e9 le mardiDu 7 janvier au 28 f\u00e9vrier : [&hellip;]<\/p>\n","protected":false},"author":1,"featured_media":0,"parent":0,"menu_order":0,"comment_status":"closed","ping_status":"closed","template":"","meta":{"_et_pb_use_builder":"on","_et_pb_old_content":"","_et_gb_content_width":"","footnotes":""},"class_list":["post-172","page","type-page","status-publish","hentry"],"_links":{"self":[{"href":"https:\/\/siramuse.it\/fr\/wp-json\/wp\/v2\/pages\/172","targetHints":{"allow":["GET"]}}],"collection":[{"href":"https:\/\/siramuse.it\/fr\/wp-json\/wp\/v2\/pages"}],"about":[{"href":"https:\/\/siramuse.it\/fr\/wp-json\/wp\/v2\/types\/page"}],"author":[{"embeddable":true,"href":"https:\/\/siramuse.it\/fr\/wp-json\/wp\/v2\/users\/1"}],"replies":[{"embeddable":true,"href":"https:\/\/siramuse.it\/fr\/wp-json\/wp\/v2\/comments?post=172"}],"version-history":[{"count":17,"href":"https:\/\/siramuse.it\/fr\/wp-json\/wp\/v2\/pages\/172\/revisions"}],"predecessor-version":[{"id":1018,"href":"https:\/\/siramuse.it\/fr\/wp-json\/wp\/v2\/pages\/172\/revisions\/1018"}],"wp:attachment":[{"href":"https:\/\/siramuse.it\/fr\/wp-json\/wp\/v2\/media?parent=172"}],"curies":[{"name":"wp","href":"https:\/\/api.w.org\/{rel}","templated":true}]}}