{"id":383,"date":"2025-06-23T20:21:18","date_gmt":"2025-06-23T18:21:18","guid":{"rendered":"https:\/\/siramuse.it\/es\/?page_id=383"},"modified":"2025-08-05T16:04:00","modified_gmt":"2025-08-05T14:04:00","slug":"siramuse-home-page-4","status":"publish","type":"page","link":"https:\/\/siramuse.it\/es\/","title":{"rendered":"Siramuse Home page"},"content":{"rendered":"<p>[et_pb_section fb_built=\u00bb1&#8243; custom_padding_last_edited=\u00bbon|phone\u00bb _builder_version=\u00bb4.27.4&#8243; _module_preset=\u00bbdefault\u00bb background_color=\u00bb#FFFFFF\u00bb background_enable_image=\u00bboff\u00bb background_position=\u00bbbottom_center\u00bb custom_padding_tablet=\u00bb||0px||false|false\u00bb custom_padding_phone=\u00bb||||false|false\u00bb background_last_edited=\u00bbon|phone\u00bb background_size_tablet=\u00bbcustom\u00bb background_image_width_tablet=\u00bb1300px\u00bb background_image_width_phone=\u00bb680px\u00bb locked=\u00bboff\u00bb global_colors_info=\u00bb{}\u00bb][et_pb_row make_equal=\u00bbon\u00bb custom_padding_last_edited=\u00bbon|tablet\u00bb disabled_on=\u00bbon|on|off\u00bb admin_label=\u00bbVIDEO\u00bb _builder_version=\u00bb4.27.4&#8243; _module_preset=\u00bbdefault\u00bb background_enable_color=\u00bboff\u00bb background_enable_image=\u00bboff\u00bb background_size=\u00bbcontain\u00bb background_position=\u00bbbottom_left\u00bb width=\u00bb100%\u00bb max_width=\u00bbnone\u00bb custom_margin=\u00bb||0px||false|false\u00bb custom_padding=\u00bb0px|0px|0px|0px|false|true\u00bb custom_padding_tablet=\u00bb||0vh||false|false\u00bb custom_padding_phone=\u00bb|0px|0vh||false|false\u00bb global_colors_info=\u00bb{%22gcid-8c5e995b-d064-4946-9128-c87d5681bfcc%22:%91%22background_color%22%93}\u00bb][et_pb_column type=\u00bb4_4&#8243; _builder_version=\u00bb4.27.4&#8243; _module_preset=\u00bbdefault\u00bb background_enable_image=\u00bboff\u00bb background_size=\u00bbcontain\u00bb custom_padding_tablet=\u00bb0px||0px||true|false\u00bb custom_padding_phone=\u00bb0px||0px||true|false\u00bb custom_padding_last_edited=\u00bbon|desktop\u00bb background_last_edited=\u00bboff|desktop\u00bb background_enable_image_tablet=\u00bboff\u00bb global_colors_info=\u00bb{}\u00bb][et_pb_code disabled_on=\u00bbon|on|off\u00bb admin_label=\u00bbcodice iframe video\u00bb hide_aria_element=\u00bbon\u00bb _builder_version=\u00bb4.27.4&#8243; _module_preset=\u00bbdefault\u00bb custom_margin=\u00bb||0px||false|false\u00bb global_colors_info=\u00bb{}\u00bb]<video width=\"100%\" playsinline muted autoplay preload=\"auto\"><!-- [et_pb_line_break_holder] --><source src=\"https:\/\/siramuse.it\/wp-content\/uploads\/Siramuse-hp-desktop.mp4\" type=\"video\/mp4\"><\/video>[\/et_pb_code][et_pb_text disabled_on=\u00bbon|on|off\u00bb _builder_version=\u00bb4.27.4&#8243; _module_preset=\u00bbdefault\u00bb text_orientation=\u00bbcenter\u00bb global_colors_info=\u00bb{}\u00bb]<\/p>\n<a class=\"et_pb_button pulsoro btnacquisto\" href=\"https:\/\/siramuse.it\/es\/entradas\/\" title=\"COMPRA DE ENTRADAS\" id=\"pulsbigl\" aria-label=\"COMPRA DE ENTRADAS\" aria-hidden=\"false\">COMPRA DE ENTRADAS<\/a>\n<p>[\/et_pb_text][\/et_pb_column][\/et_pb_row][et_pb_row make_equal=\u00bbon\u00bb custom_padding_last_edited=\u00bbon|tablet\u00bb disabled_on=\u00bboff|off|on\u00bb admin_label=\u00bbVIDEO mobile\u00bb _builder_version=\u00bb4.27.4&#8243; _module_preset=\u00bbdefault\u00bb background_enable_color=\u00bboff\u00bb background_enable_image=\u00bboff\u00bb background_size=\u00bbcontain\u00bb background_position=\u00bbbottom_left\u00bb width=\u00bb100%\u00bb max_width=\u00bbnone\u00bb custom_margin=\u00bb||0px||false|false\u00bb custom_padding=\u00bb0px|0px|0px|0px|false|true\u00bb custom_padding_tablet=\u00bb||0vh||false|false\u00bb custom_padding_phone=\u00bb|0px|0vh||false|false\u00bb global_colors_info=\u00bb{%22gcid-8c5e995b-d064-4946-9128-c87d5681bfcc%22:%91%22background_color%22%93}\u00bb][et_pb_column type=\u00bb4_4&#8243; _builder_version=\u00bb4.27.4&#8243; _module_preset=\u00bbdefault\u00bb background_enable_image=\u00bboff\u00bb background_size=\u00bbcontain\u00bb custom_padding_tablet=\u00bb0px||0px||true|false\u00bb custom_padding_phone=\u00bb0px||0px||true|false\u00bb custom_padding_last_edited=\u00bbon|desktop\u00bb background_last_edited=\u00bboff|desktop\u00bb background_enable_image_tablet=\u00bboff\u00bb global_colors_info=\u00bb{}\u00bb][et_pb_code admin_label=\u00bbcodice iframe video\u00bb hide_aria_element=\u00bbon\u00bb _builder_version=\u00bb4.27.4&#8243; _module_preset=\u00bbdefault\u00bb custom_margin=\u00bb||0px||false|false\u00bb global_colors_info=\u00bb{}\u00bb]<video width=\"100%\" playsinline muted autoplay loop preload=\"auto\"><!-- [et_pb_line_break_holder] --><source src=\"https:\/\/siramuse.it\/wp-content\/uploads\/Siramuse-hp-mobile.mp4\" type=\"video\/mp4\"><\/video>[\/et_pb_code][et_pb_text _builder_version=\u00bb4.27.4&#8243; _module_preset=\u00bbdefault\u00bb text_orientation=\u00bbcenter\u00bb hover_enabled=\u00bb0&#8243; global_colors_info=\u00bb{}\u00bb sticky_enabled=\u00bb0&#8243;]<\/p>\n<a class=\"et_pb_button pulsoro btnacquisto\" href=\"https:\/\/siramuse.it\/es\/entradas\/\" title=\"COMPRA DE ENTRADAS\" id=\"pulsbigl\" aria-label=\"COMPRA DE ENTRADAS\" aria-hidden=\"false\">COMPRA DE ENTRADAS<\/a>\n<p>[\/et_pb_text][\/et_pb_column][\/et_pb_row][\/et_pb_section][et_pb_section fb_built=\u00bb1&#8243; _builder_version=\u00bb4.27.4&#8243; _module_preset=\u00bbdefault\u00bb background_enable_color=\u00bboff\u00bb background_enable_image=\u00bboff\u00bb locked=\u00bboff\u00bb global_colors_info=\u00bb{%22gcid-8c5e995b-d064-4946-9128-c87d5681bfcc%22:%91%22background_color%22%93}\u00bb][et_pb_row make_equal=\u00bbon\u00bb custom_padding_last_edited=\u00bbon|phone\u00bb _builder_version=\u00bb4.27.4&#8243; _module_preset=\u00bbdefault\u00bb background_enable_color=\u00bboff\u00bb background_enable_image=\u00bboff\u00bb background_size=\u00bbcontain\u00bb background_position=\u00bbbottom_left\u00bb width=\u00bb100%\u00bb max_width=\u00bbnone\u00bb custom_margin=\u00bb||0px||false|false\u00bb custom_padding=\u00bb0px|0px|0px|0px|false|false\u00bb custom_padding_tablet=\u00bb||0vh||false|false\u00bb custom_padding_phone=\u00bb|0px|0vh||false|false\u00bb global_colors_info=\u00bb{%22gcid-8c5e995b-d064-4946-9128-c87d5681bfcc%22:%91%22background_color%22%93}\u00bb][et_pb_column type=\u00bb4_4&#8243; _builder_version=\u00bb4.27.4&#8243; _module_preset=\u00bbdefault\u00bb background_enable_image=\u00bboff\u00bb background_size=\u00bbcontain\u00bb custom_padding_tablet=\u00bb0px||0px||true|false\u00bb custom_padding_phone=\u00bb0px||0px||true|false\u00bb custom_padding_last_edited=\u00bbon|desktop\u00bb background_last_edited=\u00bboff|desktop\u00bb background_enable_image_tablet=\u00bboff\u00bb global_colors_info=\u00bb{}\u00bb][et_pb_text module_class=\u00bbtabind\u00bb _builder_version=\u00bb4.27.4&#8243; _module_preset=\u00bbdefault\u00bb link_text_color=\u00bb#FFFFFF\u00bb header_text_align=\u00bbcenter\u00bb header_font_size=\u00bb2.4rem\u00bb header_2_font=\u00bb|800|||||||\u00bb header_2_text_align=\u00bbcenter\u00bb header_2_font_size=\u00bb2.4rem\u00bb header_3_font_size=\u00bb2.5rem\u00bb background_enable_color=\u00bboff\u00bb max_width=\u00bb90%\u00bb max_width_tablet=\u00bb90%\u00bb max_width_phone=\u00bb100%\u00bb max_width_last_edited=\u00bbon|phone\u00bb module_alignment=\u00bbcenter\u00bb custom_padding=\u00bb60px|50px|60px|50px|false|true\u00bb sticky_limit_bottom=\u00bbrow\u00bb hover_enabled=\u00bb0&#8243; header_font_size_tablet=\u00bb2.4rem\u00bb header_font_size_phone=\u00bb1.4rem\u00bb header_font_size_last_edited=\u00bbon|desktop\u00bb header_2_font_size_tablet=\u00bb\u00bb header_2_font_size_phone=\u00bb1.4rem\u00bb header_2_font_size_last_edited=\u00bbon|phone\u00bb header_3_font_size_tablet=\u00bb2.5rem\u00bb header_3_font_size_phone=\u00bb1.6rem\u00bb header_3_font_size_last_edited=\u00bbon|phone\u00bb sticky_position_tablet=\u00bbnone\u00bb sticky_position_phone=\u00bbnone\u00bb sticky_position_last_edited=\u00bboff|desktop\u00bb global_colors_info=\u00bb{}\u00bb sticky_enabled=\u00bb0&#8243;]<\/p>\n<h1>Siramuse es un museo inmersivo en Siracusa donde historia, ciencia, arte y mito cobran vida a trav\u00e9s de los relatos de quienes han vivido esta ciudad \u00fanica.<\/h1>\n<p>[\/et_pb_text][\/et_pb_column][\/et_pb_row][\/et_pb_section][et_pb_section fb_built=\u00bb1&#8243; _builder_version=\u00bb4.27.4&#8243; _module_preset=\u00bbdefault\u00bb global_colors_info=\u00bb{}\u00bb][et_pb_row column_structure=\u00bb1_3,1_3,1_3&#8243; use_custom_gutter=\u00bbon\u00bb gutter_width=\u00bb1&#8243; make_equal=\u00bbon\u00bb _builder_version=\u00bb4.27.4&#8243; _module_preset=\u00bbdefault\u00bb background_enable_color=\u00bboff\u00bb width=\u00bb100%\u00bb max_width=\u00bbnone\u00bb global_colors_info=\u00bb{%22gcid-acdf48c5-e3af-4058-baca-59666317ef9b%22:%91%22background_color%22%93}\u00bb][et_pb_column type=\u00bb1_3&#8243; _builder_version=\u00bb4.27.4&#8243; _module_preset=\u00bbdefault\u00bb global_colors_info=\u00bb{}\u00bb][et_pb_blurb title=\u00bbLa Luz y La Aparici\u00f3n\u00bb image=\u00bbhttps:\/\/siramuse.it\/es\/wp-content\/uploads\/Santa-Lucia-e-Caravaggio_hpc.png\u00bb alt=\u00bbSiramuse; La luce e L&#8217;apparizione: Caravaggio e Santa Lucia\u00bb content_max_width_tablet=\u00bb\u00bb content_max_width_phone=\u00bb\u00bb content_max_width_last_edited=\u00bbon|desktop\u00bb _builder_version=\u00bb4.27.4&#8243; _module_preset=\u00bbdefault\u00bb header_level=\u00bbh2&#8243; header_font_size=\u00bb2.4rem\u00bb max_width=\u00bb80%\u00bb module_alignment=\u00bbcenter\u00bb custom_padding=\u00bb0px||||false|false\u00bb custom_padding_tablet=\u00bb40px||||false|false\u00bb custom_padding_phone=\u00bb40px||||false|false\u00bb custom_padding_last_edited=\u00bbon|desktop\u00bb animation=\u00bbleft\u00bb link_option_url=\u00bbhttps:\/\/siramuse.it\/es\/museo\/#caravaggio-e-santa-lucia\u00bb hover_enabled=\u00bb0&#8243; header_font_size_last_edited=\u00bboff|desktop\u00bb global_colors_info=\u00bb{}\u00bb content_max_width__hover_enabled=\u00bboff|desktop\u00bb transform_styles__hover_enabled=\u00bbon|desktop\u00bb transform_scale__hover_enabled=\u00bbon|hover\u00bb transform_translate__hover_enabled=\u00bbon|desktop\u00bb transform_rotate__hover_enabled=\u00bbon|hover\u00bb transform_skew__hover_enabled=\u00bbon|desktop\u00bb transform_origin__hover_enabled=\u00bbon|hover\u00bb transform_scale__hover=\u00bb95%|95%\u00bb transform_translate__hover=\u00bb0px|35px\u00bb sticky_enabled=\u00bb0&#8243;]<\/p>\n<h3><strong>Caravaggio y Santa Luc\u00eda<\/strong><\/h3>\n<p>Caravaggio, artista genial e inquieto, lleg\u00f3 a Siracusa en 1608 huyendo de Malta y de una condena a muerte. Aqu\u00ed realiz\u00f3 <em>El entierro de Santa Luc\u00eda<\/em>, obra intensa que\u2026<\/p>\n<div class=\"et_pb_button pulsoro\" style=\"margin-top:30px;border-radius: 0 50px 50px 0;display: inline-block;\">DESCUBRE M\u00c1S<\/div>\n<p>[\/et_pb_blurb][\/et_pb_column][et_pb_column type=\u00bb1_3&#8243; _builder_version=\u00bb4.27.4&#8243; _module_preset=\u00bbdefault\u00bb border_width_left=\u00bb1px\u00bb border_color_left=\u00bbgcid-af50e872-4492-4725-b057-77be9bf5c82a\u00bb border_style_left=\u00bbdashed\u00bb border_width_left_tablet=\u00bb0px\u00bb border_width_left_phone=\u00bb0px\u00bb border_width_left_last_edited=\u00bbon|desktop\u00bb global_colors_info=\u00bb{%22gcid-af50e872-4492-4725-b057-77be9bf5c82a%22:%91%22border_color_left%22,%22border_color_left%22%93}\u00bb][et_pb_blurb title=\u00bbLa Ciencia\u00bb image=\u00bbhttps:\/\/siramuse.it\/es\/wp-content\/uploads\/Archimede_hpc.png\u00bb alt=\u00bbSiramuse La scienza: Archimede\u00bb content_max_width_tablet=\u00bb\u00bb content_max_width_phone=\u00bb\u00bb content_max_width_last_edited=\u00bbon|desktop\u00bb _builder_version=\u00bb4.27.4&#8243; _module_preset=\u00bbdefault\u00bb header_level=\u00bbh2&#8243; header_font_size=\u00bb2.4rem\u00bb max_width=\u00bb80%\u00bb module_alignment=\u00bbcenter\u00bb custom_padding=\u00bb0px||||false|false\u00bb custom_padding_tablet=\u00bb40px||||false|false\u00bb custom_padding_phone=\u00bb40px||||false|false\u00bb custom_padding_last_edited=\u00bbon|desktop\u00bb link_option_url=\u00bbhttps:\/\/siramuse.it\/es\/museo\/#archimede\u00bb hover_enabled=\u00bb0&#8243; global_colors_info=\u00bb{}\u00bb transform_translate__hover_enabled=\u00bbon|desktop\u00bb transform_styles__hover_enabled=\u00bbon|hover\u00bb transform_scale__hover_enabled=\u00bbon|hover\u00bb transform_rotate__hover_enabled=\u00bbon|desktop\u00bb transform_skew__hover_enabled=\u00bbon|desktop\u00bb transform_origin__hover_enabled=\u00bbon|desktop\u00bb transform_scale__hover=\u00bb95%|95%\u00bb sticky_enabled=\u00bb0&#8243;]<\/p>\n<h3><strong>Arqu\u00edmedes<\/strong><\/h3>\n<p>Arqu\u00edmedes encarna una idea de civilizaci\u00f3n en la que ciencia y t\u00e9cnica son instrumentos de equilibrio, justicia y belleza. Naci\u00f3 en Siracusa en el siglo III a.\u202fC. y se form\u00f3 en Alejandr\u00eda\u2026<\/p>\n<div class=\"et_pb_button pulsoro\" style=\"margin-top:30px;border-radius: 0 50px 50px 0;display: inline-block;\">DESCUBRE M\u00c1S<\/div>\n<p>[\/et_pb_blurb][\/et_pb_column][et_pb_column type=\u00bb1_3&#8243; _builder_version=\u00bb4.27.4&#8243; _module_preset=\u00bbdefault\u00bb border_width_left=\u00bb1px\u00bb border_color_left=\u00bbgcid-af50e872-4492-4725-b057-77be9bf5c82a\u00bb border_style_left=\u00bbdashed\u00bb border_width_left_tablet=\u00bb0px\u00bb border_width_left_phone=\u00bb0px\u00bb border_width_left_last_edited=\u00bbon|desktop\u00bb global_colors_info=\u00bb{%22gcid-af50e872-4492-4725-b057-77be9bf5c82a%22:%91%22border_color_left%22,%22border_color_left%22%93}\u00bb][et_pb_blurb title=\u00bbEl Teatro y la Tribuna Pol\u00edtica\u00bb image=\u00bbhttps:\/\/siramuse.it\/es\/wp-content\/uploads\/Eschilo-e-Platone-hpc.png\u00bb alt=\u00bbDiramuse Il Teatro e la Tribuna Politica: Eschilo e Platone\u00bb content_max_width_tablet=\u00bb\u00bb content_max_width_phone=\u00bb\u00bb content_max_width_last_edited=\u00bbon|desktop\u00bb _builder_version=\u00bb4.27.4&#8243; _module_preset=\u00bbdefault\u00bb header_level=\u00bbh2&#8243; header_font_size=\u00bb2.4rem\u00bb max_width=\u00bb80%\u00bb module_alignment=\u00bbcenter\u00bb custom_padding=\u00bb0px||||false|false\u00bb custom_padding_tablet=\u00bb40px||||false|false\u00bb custom_padding_phone=\u00bb40px||||false|false\u00bb custom_padding_last_edited=\u00bbon|desktop\u00bb link_option_url=\u00bbhttps:\/\/siramuse.it\/es\/museo\/#eschilo-e-platone\u00bb hover_enabled=\u00bb0&#8243; global_colors_info=\u00bb{}\u00bb transform_scale__hover=\u00bb95%|95%\u00bb transform_scale__hover_enabled=\u00bbon|hover\u00bb transform_styles__hover_enabled=\u00bbon|hover\u00bb transform_translate__hover_enabled=\u00bbon|desktop\u00bb transform_rotate__hover_enabled=\u00bbon|desktop\u00bb transform_skew__hover_enabled=\u00bbon|desktop\u00bb transform_origin__hover_enabled=\u00bbon|desktop\u00bb sticky_enabled=\u00bb0&#8243;]<\/p>\n<h3><strong>Esquilo y Plat\u00f3n<\/strong><\/h3>\n<p>Plat\u00f3n, fundador de la Academia de Atenas, influy\u00f3 en la filosof\u00eda y la pol\u00edtica occidental con la idea de la justicia como equilibrio social. En Siracusa quiso unir\u2026<\/p>\n<div class=\"et_pb_button pulsoro\" style=\"margin-top:30px;border-radius: 0 50px 50px 0;display: inline-block;\">DESCUBRE M\u00c1S<\/div>\n<p>[\/et_pb_blurb][\/et_pb_column][\/et_pb_row][et_pb_row column_structure=\u00bb1_3,1_3,1_3&#8243; use_custom_gutter=\u00bbon\u00bb gutter_width=\u00bb1&#8243; make_equal=\u00bbon\u00bb _builder_version=\u00bb4.27.4&#8243; _module_preset=\u00bbdefault\u00bb background_enable_color=\u00bboff\u00bb width=\u00bb100%\u00bb max_width=\u00bbnone\u00bb global_colors_info=\u00bb{%22gcid-acdf48c5-e3af-4058-baca-59666317ef9b%22:%91%22background_color%22,%22background_color%22%93}\u00bb][et_pb_column type=\u00bb1_3&#8243; _builder_version=\u00bb4.27.4&#8243; _module_preset=\u00bbdefault\u00bb global_colors_info=\u00bb{}\u00bb][et_pb_blurb title=\u00bbEl Azul Profundo\u00bb image=\u00bbhttps:\/\/siramuse.it\/es\/wp-content\/uploads\/Enzo-Maiorca-hpc.png\u00bb alt=\u00bbSiramuse Il Profondo Blu: Enzo Maiorca\u00bb content_max_width_tablet=\u00bb\u00bb content_max_width_phone=\u00bb\u00bb content_max_width_last_edited=\u00bbon|desktop\u00bb _builder_version=\u00bb4.27.4&#8243; _module_preset=\u00bbdefault\u00bb header_level=\u00bbh2&#8243; header_font_size=\u00bb2.4rem\u00bb max_width=\u00bb80%\u00bb module_alignment=\u00bbcenter\u00bb custom_padding=\u00bb0px||||false|false\u00bb custom_padding_tablet=\u00bb40px||||false|false\u00bb custom_padding_phone=\u00bb40px||||false|false\u00bb custom_padding_last_edited=\u00bbon|desktop\u00bb link_option_url=\u00bbhttps:\/\/siramuse.it\/es\/museo\/#maiorca\u00bb hover_enabled=\u00bb0&#8243; global_colors_info=\u00bb{}\u00bb transform_styles__hover_enabled=\u00bbon|desktop\u00bb transform_scale__hover=\u00bb95%|95%\u00bb transform_scale__hover_enabled=\u00bbon|hover\u00bb transform_translate__hover=\u00bb0px|35px\u00bb transform_translate__hover_enabled=\u00bbon|desktop\u00bb transform_rotate__hover_enabled=\u00bbon|hover\u00bb transform_skew__hover_enabled=\u00bbon|desktop\u00bb transform_origin__hover_enabled=\u00bbon|hover\u00bb sticky_enabled=\u00bb0&#8243;]<\/p>\n<h3><strong>Enzo Maiorca<\/strong><\/h3>\n<p>Enzo Maiorca, siracusano y pionero de la apnea profunda, desafi\u00f3 los l\u00edmites humanos sumergi\u00e9ndose m\u00e1s all\u00e1 de los \u2013100 metros. Campe\u00f3n mundial durante casi treinta a\u00f1os, revolucion\u00f3 el deporte\u2026<\/p>\n<div class=\"et_pb_button pulsoro\" style=\"margin-top:30px;border-radius: 0 50px 50px 0;display: inline-block;\">DESCUBRE M\u00c1S<\/div>\n<p>[\/et_pb_blurb][\/et_pb_column][et_pb_column type=\u00bb1_3&#8243; _builder_version=\u00bb4.27.4&#8243; _module_preset=\u00bbdefault\u00bb border_width_left=\u00bb1px\u00bb border_color_left=\u00bbgcid-af50e872-4492-4725-b057-77be9bf5c82a\u00bb border_style_left=\u00bbdashed\u00bb border_width_left_tablet=\u00bb0px\u00bb border_width_left_phone=\u00bb0px\u00bb border_width_left_last_edited=\u00bbon|desktop\u00bb global_colors_info=\u00bb{%22gcid-af50e872-4492-4725-b057-77be9bf5c82a%22:%91%22border_color_left%22%93}\u00bb][et_pb_blurb title=\u00bbEl Vuelo del Halc\u00f3n\u00bb image=\u00bbhttps:\/\/siramuse.it\/es\/wp-content\/uploads\/Federico-2-di-Svevia-hpk.png\u00bb alt=\u00bbSiramuse Il Volo del Falco: Federico II di Svevia\u00bb content_max_width_tablet=\u00bb\u00bb content_max_width_phone=\u00bb\u00bb content_max_width_last_edited=\u00bbon|desktop\u00bb _builder_version=\u00bb4.27.4&#8243; _module_preset=\u00bbdefault\u00bb header_level=\u00bbh2&#8243; header_font_size=\u00bb2.4rem\u00bb max_width=\u00bb80%\u00bb module_alignment=\u00bbcenter\u00bb custom_padding=\u00bb0px||||false|false\u00bb custom_padding_tablet=\u00bb40px||||false|false\u00bb custom_padding_phone=\u00bb40px||||false|false\u00bb custom_padding_last_edited=\u00bbon|desktop\u00bb link_option_url=\u00bbhttps:\/\/siramuse.it\/es\/museo\/#federico-2-di-svevia\u00bb hover_enabled=\u00bb0&#8243; global_colors_info=\u00bb{}\u00bb transform_styles__hover_enabled=\u00bbon|desktop\u00bb transform_scale__hover=\u00bb95%|95%\u00bb transform_scale__hover_enabled=\u00bbon|hover\u00bb transform_translate__hover=\u00bb0px|35px\u00bb transform_translate__hover_enabled=\u00bbon|desktop\u00bb transform_rotate__hover_enabled=\u00bbon|hover\u00bb transform_skew__hover_enabled=\u00bbon|desktop\u00bb transform_origin__hover_enabled=\u00bbon|hover\u00bb sticky_enabled=\u00bb0&#8243;]<\/p>\n<h3><strong>Federico II de Suabia<\/strong><\/h3>\n<p>Federico II, emperador medieval, fue legislador, mecenas y hombre de ciencia y arte. Siracusa lo acogi\u00f3 varias veces, convirti\u00e9ndose junto con Palermo en el centro de sus pol\u00edticas culturales\u2026<\/p>\n<div class=\"et_pb_button pulsoro\" style=\"margin-top:30px;border-radius: 0 50px 50px 0;display: inline-block;\">DESCUBRE M\u00c1S<\/div>\n<p>[\/et_pb_blurb][\/et_pb_column][et_pb_column type=\u00bb1_3&#8243; _builder_version=\u00bb4.27.4&#8243; _module_preset=\u00bbdefault\u00bb border_width_left=\u00bb1px\u00bb border_color_left=\u00bbgcid-af50e872-4492-4725-b057-77be9bf5c82a\u00bb border_style_left=\u00bbdashed\u00bb border_width_left_tablet=\u00bb0px\u00bb border_width_left_phone=\u00bb0px\u00bb border_width_left_last_edited=\u00bbon|desktop\u00bb global_colors_info=\u00bb{%22gcid-af50e872-4492-4725-b057-77be9bf5c82a%22:%91%22border_color_left%22%93}\u00bb][et_pb_blurb title=\u00bbLa Excavaci\u00f3n Arqueol\u00f3gica\u00bb image=\u00bbhttps:\/\/siramuse.it\/es\/wp-content\/uploads\/Paolo-Orsi-hpc.png\u00bb alt=\u00bbSiramuse Lo Scavo archeologico: Paolo Orsi\u00bb content_max_width_tablet=\u00bb\u00bb content_max_width_phone=\u00bb\u00bb content_max_width_last_edited=\u00bbon|desktop\u00bb _builder_version=\u00bb4.27.4&#8243; _module_preset=\u00bbdefault\u00bb header_level=\u00bbh2&#8243; header_font_size=\u00bb2.4rem\u00bb max_width=\u00bb80%\u00bb module_alignment=\u00bbcenter\u00bb custom_padding=\u00bb0px||||false|false\u00bb custom_padding_tablet=\u00bb40px||||false|false\u00bb custom_padding_phone=\u00bb40px||||false|false\u00bb custom_padding_last_edited=\u00bbon|desktop\u00bb link_option_url=\u00bbhttps:\/\/siramuse.it\/es\/museo\/#paolo-orsi\u00bb hover_enabled=\u00bb0&#8243; global_colors_info=\u00bb{}\u00bb transform_styles__hover_enabled=\u00bbon|desktop\u00bb transform_scale__hover=\u00bb95%|95%\u00bb transform_scale__hover_enabled=\u00bbon|hover\u00bb transform_translate__hover=\u00bb0px|35px\u00bb transform_translate__hover_enabled=\u00bbon|desktop\u00bb transform_rotate__hover_enabled=\u00bbon|hover\u00bb transform_skew__hover_enabled=\u00bbon|desktop\u00bb transform_origin__hover_enabled=\u00bbon|hover\u00bb sticky_enabled=\u00bb0&#8243;]<\/p>\n<h3><strong>Paolo Orsi<\/strong><\/h3>\n<p>Paolo Orsi, nacido en Rovereto, es considerado el padre de la arqueolog\u00eda en el sur de Italia. Eligi\u00f3 Sicilia y la Magna Grecia como foco de su trabajo y pasi\u00f3n. Fue acogido\u2026<\/p>\n<div class=\"et_pb_button pulsoro\" style=\"margin-top:30px;border-radius: 0 50px 50px 0;display: inline-block;\">DESCUBRE M\u00c1S<\/div>\n<p>[\/et_pb_blurb][\/et_pb_column][\/et_pb_row][\/et_pb_section]<\/p>\n","protected":false},"excerpt":{"rendered":"<p><a class=\"et_pb_button pulsoro btnacquisto\" href=\"https:\/\/siramuse.it\/es\/entradas\/\" title=\"COMPRA DE ENTRADAS\" id=\"pulsbigl\" aria-label=\"COMPRA DE ENTRADAS\" aria-hidden=\"false\">COMPRA DE ENTRADAS<\/a><a class=\"et_pb_button pulsoro btnacquisto\" href=\"https:\/\/siramuse.it\/es\/entradas\/\" title=\"COMPRA DE ENTRADAS\" id=\"pulsbigl\" aria-label=\"COMPRA DE ENTRADAS\" aria-hidden=\"false\">COMPRA DE ENTRADAS<\/a>Siramuse es un museo inmersivo en Siracusa donde historia, ciencia, arte y mito cobran vida a trav\u00e9s de los relatos de quienes han vivido esta ciudad \u00fanica.Caravaggio y Santa Luc\u00eda Caravaggio, artista genial e inquieto, lleg\u00f3 a Siracusa en 1608 huyendo de Malta y de una condena a muerte. Aqu\u00ed realiz\u00f3 El entierro de Santa [&hellip;]<\/p>\n","protected":false},"author":1,"featured_media":0,"parent":0,"menu_order":0,"comment_status":"closed","ping_status":"closed","template":"","meta":{"_et_pb_use_builder":"on","_et_pb_old_content":"","_et_gb_content_width":"","footnotes":""},"class_list":["post-383","page","type-page","status-publish","hentry"],"_links":{"self":[{"href":"https:\/\/siramuse.it\/es\/wp-json\/wp\/v2\/pages\/383","targetHints":{"allow":["GET"]}}],"collection":[{"href":"https:\/\/siramuse.it\/es\/wp-json\/wp\/v2\/pages"}],"about":[{"href":"https:\/\/siramuse.it\/es\/wp-json\/wp\/v2\/types\/page"}],"author":[{"embeddable":true,"href":"https:\/\/siramuse.it\/es\/wp-json\/wp\/v2\/users\/1"}],"replies":[{"embeddable":true,"href":"https:\/\/siramuse.it\/es\/wp-json\/wp\/v2\/comments?post=383"}],"version-history":[{"count":107,"href":"https:\/\/siramuse.it\/es\/wp-json\/wp\/v2\/pages\/383\/revisions"}],"predecessor-version":[{"id":1012,"href":"https:\/\/siramuse.it\/es\/wp-json\/wp\/v2\/pages\/383\/revisions\/1012"}],"wp:attachment":[{"href":"https:\/\/siramuse.it\/es\/wp-json\/wp\/v2\/media?parent=383"}],"curies":[{"name":"wp","href":"https:\/\/api.w.org\/{rel}","templated":true}]}}