{"id":184,"date":"2025-06-06T18:26:54","date_gmt":"2025-06-06T16:26:54","guid":{"rendered":"https:\/\/siramuse.it\/es\/?page_id=184"},"modified":"2025-08-05T16:01:51","modified_gmt":"2025-08-05T14:01:51","slug":"entradas","status":"publish","type":"page","link":"https:\/\/siramuse.it\/es\/entradas\/","title":{"rendered":"Entradas"},"content":{"rendered":"<p>[et_pb_section fb_built=\u00bb1&#8243; _builder_version=\u00bb4.27.4&#8243; _module_preset=\u00bbdefault\u00bb background_color=\u00bbgcid-ffcb5cd3-66ba-4fa1-98f2-b3c8f992ee0f\u00bb background_enable_image=\u00bboff\u00bb background_size=\u00bbcustom\u00bb background_image_width=\u00bb300px\u00bb background_position=\u00bbtop_left\u00bb scroll_blur=\u00bb0|30|60|100|100px|0px|0px\u00bb global_colors_info=\u00bb{%22gcid-ffcb5cd3-66ba-4fa1-98f2-b3c8f992ee0f%22:%91%22background_color%22%93}\u00bb][et_pb_row column_structure=\u00bb1_3,2_3&#8243; use_custom_gutter=\u00bbon\u00bb gutter_width=\u00bb1&#8243; make_equal=\u00bbon\u00bb _builder_version=\u00bb4.27.4&#8243; _module_preset=\u00bbdefault\u00bb width=\u00bb100%\u00bb max_width=\u00bbnone\u00bb custom_padding=\u00bb0px||0px||true|false\u00bb global_colors_info=\u00bb{}\u00bb][et_pb_column type=\u00bb1_3&#8243; _builder_version=\u00bb4.27.4&#8243; _module_preset=\u00bbdefault\u00bb background_color=\u00bbgcid-8c5e995b-d064-4946-9128-c87d5681bfcc\u00bb custom_css_main_element=\u00bbmargin:auto\u00bb global_colors_info=\u00bb{%22gcid-8c5e995b-d064-4946-9128-c87d5681bfcc%22:%91%22background_color%22%93}\u00bb][et_pb_blurb use_icon=\u00bbon\u00bb font_icon=\u00bb&#xf46c;||fa||900&#8243; icon_color=\u00bbgcid-ffcb5cd3-66ba-4fa1-98f2-b3c8f992ee0f\u00bb image_icon_width=\u00bb250px\u00bb _builder_version=\u00bb4.27.4&#8243; _module_preset=\u00bbdefault\u00bb header_text_align=\u00bbcenter\u00bb body_link_font=\u00bb|700|||on||||\u00bb body_link_text_color=\u00bb#000000&#8243; custom_margin=\u00bb100px||100px||true|false\u00bb custom_margin_tablet=\u00bb100px||100px||true|false\u00bb custom_margin_phone=\u00bb50px||50px||true|false\u00bb custom_margin_last_edited=\u00bbon|phone\u00bb custom_padding=\u00bb40px|15%|40px|15%|true|true\u00bb global_colors_info=\u00bb{%22gcid-ffcb5cd3-66ba-4fa1-98f2-b3c8f992ee0f%22:%91%22icon_color%22%93}\u00bb]<\/p>\n<p><strong>Reserva recomendada hasta el d\u00eda anterior.<\/strong><\/p>\n<p><strong>M\u00e1x. 40 por grupo\/por turno de hora<\/strong><\/p>\n<p><strong>DURACI\u00d3N:<\/strong> 60 minutos<br \/>Visita aut\u00f3noma con audiogu\u00edas (incluidas en IT\/EN\/FR\/ES)<\/p>\n<p><strong>No se permiten bolsas ni mochilas voluminosas.<\/strong><\/p>\n<p>[\/et_pb_blurb][\/et_pb_column][et_pb_column type=\u00bb2_3&#8243; _builder_version=\u00bb4.27.4&#8243; _module_preset=\u00bbdefault\u00bb custom_css_main_element=\u00bbmargin:auto\u00bb global_colors_info=\u00bb{}\u00bb][et_pb_text module_class=\u00bbtabind\u00bb _builder_version=\u00bb4.27.4&#8243; _module_preset=\u00bbdefault\u00bb link_text_color=\u00bb#FFFFFF\u00bb header_font_size=\u00bb5rem\u00bb header_2_font=\u00bb|600|||||||\u00bb header_2_font_size=\u00bb1.8rem\u00bb header_3_font_size=\u00bb1.8rem\u00bb background_layout=\u00bbdark\u00bb max_width=\u00bb80%\u00bb max_width_tablet=\u00bb700px\u00bb max_width_phone=\u00bb700px\u00bb max_width_last_edited=\u00bboff|desktop\u00bb module_alignment=\u00bbcenter\u00bb custom_padding_tablet=\u00bb40px|5%|40px|5%|true|true\u00bb custom_padding_phone=\u00bb||0px||false|false\u00bb custom_padding_last_edited=\u00bbon|desktop\u00bb sticky_limit_bottom=\u00bbrow\u00bb scroll_vertical_motion=\u00bb0|40|40|100|-25.5|0|0&#8243; scroll_horizontal_motion=\u00bb0|50|50|100|20|0|0&#8243; scroll_fade=\u00bb0|42|42|100|0|100|100&#8243; header_font_size_tablet=\u00bb5rem\u00bb header_font_size_phone=\u00bb3em\u00bb header_font_size_last_edited=\u00bbon|desktop\u00bb header_2_font_size_tablet=\u00bb2.5rem\u00bb header_2_font_size_phone=\u00bb1.6em\u00bb header_2_font_size_last_edited=\u00bbon|desktop\u00bb header_3_font_size_tablet=\u00bb2.5rem\u00bb header_3_font_size_phone=\u00bb1.6rem\u00bb header_3_font_size_last_edited=\u00bbon|desktop\u00bb sticky_position_tablet=\u00bbnone\u00bb sticky_position_phone=\u00bbnone\u00bb sticky_position_last_edited=\u00bbon|desktop\u00bb scroll_horizontal_motion_tablet=\u00bb0|50|50|100|0|0|0&#8243; scroll_horizontal_motion_phone=\u00bb0|50|50|100|0|0|0&#8243; scroll_horizontal_motion_last_edited=\u00bbon|desktop\u00bb custom_css_free_form=\u00bbselector ul li{border-bottom: 1px solid #c6c6c6;padding: 10px 0;}\u00bb global_colors_info=\u00bb{}\u00bb header_3_font_size__sticky_enabled=\u00bboff|desktop\u00bb]<\/p>\n<h1>Entradas<\/h1>\n<p>[\/et_pb_text][et_pb_text ul_type=\u00bbnone\u00bb ul_position=\u00bbinside\u00bb module_class=\u00bbtabind\u00bb _builder_version=\u00bb4.27.4&#8243; _module_preset=\u00bbdefault\u00bb link_text_color=\u00bb#FFFFFF\u00bb header_2_font=\u00bb|800|||||||\u00bb header_2_font_size=\u00bb5rem\u00bb header_3_font_size=\u00bb1.8rem\u00bb background_layout=\u00bbdark\u00bb max_width=\u00bb80%\u00bb max_width_tablet=\u00bb700px\u00bb max_width_phone=\u00bb700px\u00bb max_width_last_edited=\u00bboff|desktop\u00bb module_alignment=\u00bbcenter\u00bb custom_padding_tablet=\u00bb40px|5%|40px|5%|true|true\u00bb custom_padding_phone=\u00bb|||||false\u00bb custom_padding_last_edited=\u00bbon|desktop\u00bb sticky_limit_bottom=\u00bbrow\u00bb scroll_vertical_motion=\u00bb0|40|40|100|-25.5|0|0&#8243; scroll_horizontal_motion=\u00bb0|50|50|100|20|0|0&#8243; scroll_fade=\u00bb0|42|42|100|0|100|100&#8243; hover_enabled=\u00bb0&#8243; header_2_font_size_tablet=\u00bb5rem\u00bb header_2_font_size_phone=\u00bb3em\u00bb header_2_font_size_last_edited=\u00bbon|desktop\u00bb header_3_font_size_tablet=\u00bb2.5rem\u00bb header_3_font_size_phone=\u00bb1.6rem\u00bb header_3_font_size_last_edited=\u00bbon|phone\u00bb sticky_position_tablet=\u00bbnone\u00bb sticky_position_phone=\u00bbnone\u00bb sticky_position_last_edited=\u00bbon|desktop\u00bb scroll_horizontal_motion_tablet=\u00bb0|50|50|100|0|0|0&#8243; scroll_horizontal_motion_phone=\u00bb0|50|50|100|0|0|0&#8243; scroll_horizontal_motion_last_edited=\u00bbon|desktop\u00bb custom_css_free_form=\u00bbselector ul{padding:0;}||selector ul li{border-bottom: 1px solid #c6c6c6;padding: 10px 0;}||selector ul li em{text-align: right;float: right;font-weight: bold;font-style: normal;}\u00bb global_colors_info=\u00bb{}\u00bb header_3_font_size__sticky_enabled=\u00bboff|desktop\u00bb sticky_enabled=\u00bb0&#8243;]<\/p>\n<ul>\n<li><strong>Entradas completas<\/strong> <em>\u20ac12,00<\/em><\/li>\n<li><strong>Reducida<\/strong> <em>\u20ac8,00<\/em><br \/>(j\u00f3venes 6\u201325 a\u00f1os y residentes)<\/li>\n<li><strong>Reducida especial<\/strong> <em>\u20ac6,00<\/em><br \/>(escuelas de todos los niveles)<\/li>\n<li><strong>Suplemento<\/strong> <em>\u20ac2,00<\/em><br \/>para la visita al Artemision<\/li>\n<li><strong>Entrada familiar<\/strong> <em>\u20ac25,00<\/em><br \/>(1 hijo)<\/li>\n<li><strong>Entrada familiar<\/strong> <em>\u20ac30,00<\/em><br \/>(2 hijos)<\/li>\n<li><strong>Gratis<br \/><\/strong>para ni\u00f1os 0\u20116 a\u00f1os, miembros ICOM, prensa, personas con discapacidad certificada + acompa\u00f1ante, gu\u00edas tur\u00edsticos acreditados<\/li>\n<li><strong>Preventa<\/strong> <em>\u20ac1,50 por entrada<\/em><\/li>\n<\/ul>\n<p><span style=\"color: #666666; font-size: 14px;\"><a class=\"et_pb_button pulsoro btnacquisto\" href=\"https:\/\/siramuse.madeticket.it\/it\/shop\/biglietti\" target=\"_blank\" title=\"COMPRA DE ENTRADAS\" id=\"buy-ticket\" aria-label=\"COMPRA DE ENTRADAS\" aria-hidden=\"false\">COMPRA DE ENTRADAS<\/a><\/span><\/p>\n<p>[\/et_pb_text][\/et_pb_column][\/et_pb_row][\/et_pb_section]<\/p>\n","protected":false},"excerpt":{"rendered":"<p>Reserva recomendada hasta el d\u00eda anterior. M\u00e1x. 40 por grupo\/por turno de hora DURACI\u00d3N: 60 minutosVisita aut\u00f3noma con audiogu\u00edas (incluidas en IT\/EN\/FR\/ES) No se permiten bolsas ni mochilas voluminosas.Entradas Entradas completas \u20ac12,00 Reducida \u20ac8,00(j\u00f3venes 6\u201325 a\u00f1os y residentes) Reducida especial \u20ac6,00(escuelas de todos los niveles) Suplemento \u20ac2,00para la visita al Artemision Entrada familiar \u20ac25,00(1 hijo) [&hellip;]<\/p>\n","protected":false},"author":1,"featured_media":0,"parent":0,"menu_order":0,"comment_status":"closed","ping_status":"closed","template":"","meta":{"_et_pb_use_builder":"on","_et_pb_old_content":"","_et_gb_content_width":"","footnotes":""},"class_list":["post-184","page","type-page","status-publish","hentry"],"_links":{"self":[{"href":"https:\/\/siramuse.it\/es\/wp-json\/wp\/v2\/pages\/184","targetHints":{"allow":["GET"]}}],"collection":[{"href":"https:\/\/siramuse.it\/es\/wp-json\/wp\/v2\/pages"}],"about":[{"href":"https:\/\/siramuse.it\/es\/wp-json\/wp\/v2\/types\/page"}],"author":[{"embeddable":true,"href":"https:\/\/siramuse.it\/es\/wp-json\/wp\/v2\/users\/1"}],"replies":[{"embeddable":true,"href":"https:\/\/siramuse.it\/es\/wp-json\/wp\/v2\/comments?post=184"}],"version-history":[{"count":20,"href":"https:\/\/siramuse.it\/es\/wp-json\/wp\/v2\/pages\/184\/revisions"}],"predecessor-version":[{"id":1011,"href":"https:\/\/siramuse.it\/es\/wp-json\/wp\/v2\/pages\/184\/revisions\/1011"}],"wp:attachment":[{"href":"https:\/\/siramuse.it\/es\/wp-json\/wp\/v2\/media?parent=184"}],"curies":[{"name":"wp","href":"https:\/\/api.w.org\/{rel}","templated":true}]}}